{"id":764,"date":"2019-09-16T08:39:00","date_gmt":"2019-09-16T08:39:00","guid":{"rendered":"http:\/\/gaillac.scrabblepaysdoc.fr\/?page_id=764"},"modified":"2024-06-24T14:30:53","modified_gmt":"2024-06-24T14:30:53","slug":"pour-sentrainer","status":"publish","type":"page","link":"https:\/\/gaillac.scrabblepaysdoc.fr\/?page_id=764","title":{"rendered":"Parties \u00e0 rejouer"},"content":{"rendered":"<p><strong><span style=\"font-size: 14pt;\">Scrabble sur Internet<\/span><\/strong><\/p>\n<p><a href=\"https:\/\/www.scrabblepro.com\/scrabblepro.php\" target=\"_blank\" rel=\"noopener noreferrer\">https:\/\/www.scrabblepro.com\/scrabblepro.php<\/a><\/p>\n<p><a href=\"https:\/\/www.isc.ro\/fr\/download.html\" target=\"_blank\" rel=\"noopener noreferrer\">https:\/\/www.isc.ro\/fr\/download.html<\/a><\/p>\n<p><a href=\"https:\/\/anafolie.net\/anafolie.php\" target=\"_blank\" rel=\"noopener noreferrer\">https:\/\/anafolie.net\/anafolie.php<\/a><\/p>\n<p><strong><span style=\"font-size: 14pt;\">Parties Club<\/span><\/strong><\/p>\n<p>Vous trouverez ici des parties \u00e0 rejouer chez vous. Elles ont \u00e9t\u00e9 jou\u00e9es le mercredi apr\u00e8s-midi au club. Ce sont des parties \u00e0 vocabulaire courant faisant travailler divers aspects techniques : Legendre, pivots, ma\u00e7onnerie, association usuelle des lettres&#8230;<\/p>\n<p><a href=\"http:\/\/gaillac.scrabblepaysdoc.fr\/wp-content\/uploads\/2019\/09\/Entra\u00eenement-4sept2019.pdf\" target=\"_blank\" rel=\"noopener noreferrer\">4 septembre 2019,\u00a0<\/a><a href=\"http:\/\/gaillac.scrabblepaysdoc.fr\/wp-content\/uploads\/2019\/09\/entra\u00eenement-club-25-sept-2019.pdf\" target=\"_blank\" rel=\"noopener noreferrer\">25 septembre 2019,<\/a> <a href=\"http:\/\/gaillac.scrabblepaysdoc.fr\/wp-content\/uploads\/2023\/10\/2022.10.19.Club_.pdf\" target=\"_blank\" rel=\"noopener\">19 octobre 2022,<\/a> <a href=\"http:\/\/gaillac.scrabblepaysdoc.fr\/wp-content\/uploads\/2023\/10\/2023.09.20.Club_.pdf\" target=\"_blank\" rel=\"noopener\">20 septembre 2023<\/a>, <a href=\"http:\/\/gaillac.scrabblepaysdoc.fr\/wp-content\/uploads\/2023\/10\/2023.10.18.Club_-1.pdf\" target=\"_blank\" rel=\"noopener\">18 octobre 2023,<\/a><\/p>\n<p><span style=\"font-size: 14pt;\"><strong>Parties D\u00e9butants<\/strong><\/span><\/p>\n<p>Quelques parties jou\u00e9es le jeudi soir, au club. Elles s&rsquo;adressent aux d\u00e9butants et comportent des mots courants de construction standard. Les places sont souvent \u00e9videntes et rares sont les pi\u00e8ges.<\/p>\n<p><a href=\"http:\/\/gaillac.scrabblepaysdoc.fr\/wp-content\/uploads\/2023\/10\/2023.09.21.ClubDeb.pdf\" target=\"_blank\" rel=\"noopener\">21 septembre 2023,<\/a> <a href=\"http:\/\/gaillac.scrabblepaysdoc.fr\/wp-content\/uploads\/2023\/10\/2023.10.05.ClubDeb.pdf\" target=\"_blank\" rel=\"noopener\">5 octobre 2023<\/a>,<a href=\"http:\/\/gaillac.scrabblepaysdoc.fr\/wp-content\/uploads\/2023\/10\/2023.10.12.ClubDeb.pdf\" target=\"_blank\" rel=\"noopener\">12 octobre 2023<\/a><\/p>\n<p><strong><span style=\"font-size: 14pt;\">Parties Scolaires<\/span><\/strong><\/p>\n<p>Voici un ensemble de parties jou\u00e9es dans des classes de CM1 et de CM2, aupr\u00e8s de jeunes ayant entre 9 et 11 ans. Ces parties sont br\u00e8ves et ont pour objectif d&rsquo;aborder les rudiments du scrabble : association des lettres en vue de la construction rationnelle des mots, placement strat\u00e9gique, calcul des points.<\/p>\n<p><a href=\"http:\/\/gaillac.scrabblepaysdoc.fr\/wp-content\/uploads\/2022\/06\/2021.10.22.pdf\" target=\"_blank\" rel=\"noopener\">22 octobre 2022,\u00a0<\/a><a href=\"http:\/\/gaillac.scrabblepaysdoc.fr\/wp-content\/uploads\/2022\/06\/2021.11.20.pdf\" target=\"_blank\" rel=\"noopener\">21 novembre 2021,\u00a0<\/a><a href=\"http:\/\/gaillac.scrabblepaysdoc.fr\/wp-content\/uploads\/2022\/06\/2021.11.13.pdf\">13 novembre 2021<\/a><\/p>\n<p><a href=\"http:\/\/gaillac.scrabblepaysdoc.fr\/wp-content\/uploads\/2023\/02\/2022.11.14.ScolairesCM1.pdf\">14 novembre 2022 (CM1),<\/a> <a href=\"http:\/\/gaillac.scrabblepaysdoc.fr\/wp-content\/uploads\/2023\/02\/2022.11.14.ScolairesCM2.pdf\">14 novembre 2022 (CM2)<\/a><\/p>\n<p><a href=\"http:\/\/gaillac.scrabblepaysdoc.fr\/wp-content\/uploads\/2023\/02\/2022.11.16.ScolairesCM1.pdf\">16 novembre 2022 (CM1),<\/a> <a href=\"http:\/\/gaillac.scrabblepaysdoc.fr\/wp-content\/uploads\/2023\/02\/2022.12.05.ScolairesCM2LaClavelle1.pdf\">5 d\u00e9cembre 2022 (CM2)<\/a><\/p>\n<p><a href=\"http:\/\/gaillac.scrabblepaysdoc.fr\/wp-content\/uploads\/2023\/02\/2022.12.05.ScolairesCM2LaClavelle2.pdf\">5 d\u00e9cembre 2022 (CM2),<\/a> <a href=\"http:\/\/gaillac.scrabblepaysdoc.fr\/wp-content\/uploads\/2023\/02\/2022.12.07.ScolairesCM1LaClavelle1.pdf\">7 d\u00e9cembre 2022 (CM1)<\/a><\/p>\n<p><a href=\"http:\/\/gaillac.scrabblepaysdoc.fr\/wp-content\/uploads\/2023\/02\/2022.12.07.ScolairesCM1LaClavelle2.pdf\">7 d\u00e9cembre 2022 (CM1),<\/a> <a href=\"http:\/\/gaillac.scrabblepaysdoc.fr\/wp-content\/uploads\/2023\/02\/2022.12.13.ScolairesLouiseMichel1.pdf\">13 d\u00e9cembre 2022 (CM1-CM2)<\/a><\/p>\n<p><a href=\"http:\/\/gaillac.scrabblepaysdoc.fr\/wp-content\/uploads\/2023\/02\/2022.12.13.ScolairesLouiseMichel2.pdf\">13 d\u00e9cembre 2022 (CM-CM2),<\/a> <a href=\"http:\/\/gaillac.scrabblepaysdoc.fr\/wp-content\/uploads\/2023\/02\/2023.02.14.ScolairesLM.pdf\">14 f\u00e9vrier 20203 (CM1-CM2)<\/a><\/p>\n<p><a href=\"http:\/\/gaillac.scrabblepaysdoc.fr\/wp-content\/uploads\/2024\/06\/2024.03.05.Scolaires.pdf\" target=\"_blank\" rel=\"noopener\">5 mai 2024 (CM1-CM2),<\/a> <a href=\"http:\/\/gaillac.scrabblepaysdoc.fr\/wp-content\/uploads\/2024\/06\/2024.02.06.Scolaires.pdf\" target=\"_blank\" rel=\"noopener\">6 f\u00e9vrier 2024 (CM1-CM2)<\/a><\/p>\n<p><a href=\"http:\/\/gaillac.scrabblepaysdoc.fr\/wp-content\/uploads\/2024\/06\/2024.01.09.CM1CM2LM.pdf\" target=\"_blank\" rel=\"noopener\">9 janvier 2024 (CM1-CM2),<\/a> <a href=\"http:\/\/gaillac.scrabblepaysdoc.fr\/wp-content\/uploads\/2024\/06\/2023.12.20.ScolairesCM1-CM2CLV.pdf\" target=\"_blank\" rel=\"noopener\">20 d\u00e9cembre 2023 (CM1-CM2)<\/a><\/p>\n<p><a href=\"http:\/\/gaillac.scrabblepaysdoc.fr\/wp-content\/uploads\/2024\/06\/2023.12.18.ScolairesCM2LCV.pdf\" target=\"_blank\" rel=\"noopener\">18 d\u00e9cembre 2023 (CM2),<\/a> <a href=\"http:\/\/gaillac.scrabblepaysdoc.fr\/wp-content\/uploads\/2024\/06\/2022.12.07.ScolairesCM1LaClavelle1.pdf\" target=\"_blank\" rel=\"noopener\">7 d\u00e9cembre 2023 (CM1)<\/a><\/p>\n<p><a href=\"http:\/\/gaillac.scrabblepaysdoc.fr\/wp-content\/uploads\/2024\/06\/2022.12.13.ScolairesLouiseMichel2.pdf\" target=\"_blank\" rel=\"noopener\">13 d\u00e9cembre 2023 (CM1-CM2)<\/a>, <a href=\"http:\/\/gaillac.scrabblepaysdoc.fr\/wp-content\/uploads\/2024\/06\/2023.11.06.ScolairesCM2.pdf\" target=\"_blank\" rel=\"noopener\">6 novembre 2023 (CM2)<\/a><\/p>\n<p><a href=\"http:\/\/gaillac.scrabblepaysdoc.fr\/wp-content\/uploads\/2024\/06\/2023.11.06.ScolairesCM1.pdf\" target=\"_blank\" rel=\"noopener\">6 novembre 2023 (CM1-CM2),<\/a> <a href=\"http:\/\/gaillac.scrabblepaysdoc.fr\/wp-content\/uploads\/2024\/06\/2023.10.09.ScolairesCM2.pdf\" target=\"_blank\" rel=\"noopener\">9 octobre 2023 (CM2)<\/a><\/p>\n<p><a href=\"http:\/\/gaillac.scrabblepaysdoc.fr\/wp-content\/uploads\/2024\/06\/2023.10.09.ScolairesCM1.pdf\" target=\"_blank\" rel=\"noopener\">9 octobre 2023 (CM1),<\/a> <a href=\"http:\/\/gaillac.scrabblepaysdoc.fr\/wp-content\/uploads\/2024\/06\/2023.09.25.ScolairesCM1.pdf\" target=\"_blank\" rel=\"noopener\">25 septembre 2023 (CM1)<\/a><\/p>\n<p><a href=\"http:\/\/gaillac.scrabblepaysdoc.fr\/wp-content\/uploads\/2024\/06\/2023.09.25.ScolairesCM2.pdf\" target=\"_blank\" rel=\"noopener\">25 septembre 2023 (CM2)<\/a><\/p>\n<p>&nbsp;<\/p>\n<p><strong><span style=\"font-size: 14pt;\">Parties Club Jeunes<\/span><\/strong><\/p>\n<p><a href=\"http:\/\/gaillac.scrabblepaysdoc.fr\/wp-content\/uploads\/2023\/02\/2022.11.12.ClubJeunes.pdf\" target=\"_blank\" rel=\"noopener\">12 novembre 2022, <\/a><a href=\"http:\/\/gaillac.scrabblepaysdoc.fr\/wp-content\/uploads\/2023\/02\/2022.11.12.ClubJeunes.pdf\" target=\"_blank\" rel=\"noopener\">12 novembre 2022, <\/a><a href=\"http:\/\/gaillac.scrabblepaysdoc.fr\/wp-content\/uploads\/2023\/02\/2022.12.02.ClubJeunes.pdf\">2 d\u00e9cembre 2022,<\/a><\/p>\n<p><a href=\"http:\/\/gaillac.scrabblepaysdoc.fr\/wp-content\/uploads\/2023\/02\/2022.12.10.ClubJeunes.pdf\">10 d\u00e9cembre 2022,\u00a0<\/a><a href=\"http:\/\/gaillac.scrabblepaysdoc.fr\/wp-content\/uploads\/2023\/02\/2022.12.17.ClubJeunes.pdf\">17 d\u00e9cembre 2022,\u00a0<\/a><a href=\"http:\/\/gaillac.scrabblepaysdoc.fr\/wp-content\/uploads\/2023\/02\/2023.01.07.ClubJeunes.pdf\">7 janvier 2023<\/a><\/p>\n<p><a href=\"http:\/\/gaillac.scrabblepaysdoc.fr\/wp-content\/uploads\/2023\/02\/2023.01.14.ClubJeunes.pdf\">14 janvier 2023,\u00a0<\/a><a href=\"http:\/\/gaillac.scrabblepaysdoc.fr\/wp-content\/uploads\/2023\/02\/2023.01.21.ClubJeunes.pdf\">21 janvier 2023,\u00a0<\/a><a href=\"http:\/\/gaillac.scrabblepaysdoc.fr\/wp-content\/uploads\/2023\/02\/2023.01.28.ClubJeunes.pdf\">28 janvier 2023<\/a><\/p>\n<p><a href=\"http:\/\/gaillac.scrabblepaysdoc.fr\/wp-content\/uploads\/2023\/02\/2023.02.04.ClubJeunes.pdf\">4 f\u00e9vrier 2023<\/a>, <a href=\"http:\/\/gaillac.scrabblepaysdoc.fr\/wp-content\/uploads\/2023\/02\/2023.02.18.ClubJeunes.pdf\">18 f\u00e9vrier 2023<\/a><\/p>\n<p>&nbsp;<\/p>\n<p>&nbsp;<\/p>\n","protected":false},"excerpt":{"rendered":"<p>Scrabble sur Internet https:\/\/www.scrabblepro.com\/scrabblepro.php https:\/\/www.isc.ro\/fr\/download.html https:\/\/anafolie.net\/anafolie.php Parties Club Vous trouverez ici des parties \u00e0 rejouer chez vous. Elles ont \u00e9t\u00e9 jou\u00e9es le mercredi apr\u00e8s-midi au club. Ce sont des parties \u00e0 vocabulaire courant faisant travailler divers aspects techniques : Legendre, pivots, ma\u00e7onnerie, association usuelle des lettres&#8230; 4 septembre 2019,\u00a025 septembre 2019, 19 octobre 2022, 20 &hellip; <a href=\"https:\/\/gaillac.scrabblepaysdoc.fr\/?page_id=764\" class=\"more-link\">Continuer la lecture de <span class=\"screen-reader-text\">Parties \u00e0 rejouer<\/span>  <span class=\"meta-nav\">&rarr;<\/span><\/a><\/p>\n","protected":false},"author":4,"featured_media":0,"parent":0,"menu_order":5,"comment_status":"closed","ping_status":"closed","template":"","meta":{"om_disable_all_campaigns":false,"_monsterinsights_skip_tracking":false,"_monsterinsights_sitenote_active":false,"_monsterinsights_sitenote_note":"","_monsterinsights_sitenote_category":0,"_uf_show_specific_survey":0,"_uf_disable_surveys":false,"footnotes":""},"class_list":["post-764","page","type-page","status-publish","hentry"],"aioseo_notices":[],"jetpack_sharing_enabled":true,"_links":{"self":[{"href":"https:\/\/gaillac.scrabblepaysdoc.fr\/index.php?rest_route=\/wp\/v2\/pages\/764","targetHints":{"allow":["GET"]}}],"collection":[{"href":"https:\/\/gaillac.scrabblepaysdoc.fr\/index.php?rest_route=\/wp\/v2\/pages"}],"about":[{"href":"https:\/\/gaillac.scrabblepaysdoc.fr\/index.php?rest_route=\/wp\/v2\/types\/page"}],"author":[{"embeddable":true,"href":"https:\/\/gaillac.scrabblepaysdoc.fr\/index.php?rest_route=\/wp\/v2\/users\/4"}],"replies":[{"embeddable":true,"href":"https:\/\/gaillac.scrabblepaysdoc.fr\/index.php?rest_route=%2Fwp%2Fv2%2Fcomments&post=764"}],"version-history":[{"count":18,"href":"https:\/\/gaillac.scrabblepaysdoc.fr\/index.php?rest_route=\/wp\/v2\/pages\/764\/revisions"}],"predecessor-version":[{"id":1296,"href":"https:\/\/gaillac.scrabblepaysdoc.fr\/index.php?rest_route=\/wp\/v2\/pages\/764\/revisions\/1296"}],"wp:attachment":[{"href":"https:\/\/gaillac.scrabblepaysdoc.fr\/index.php?rest_route=%2Fwp%2Fv2%2Fmedia&parent=764"}],"curies":[{"name":"wp","href":"https:\/\/api.w.org\/{rel}","templated":true}]}}